{"id":295,"date":"2024-04-17T21:42:33","date_gmt":"2024-04-17T19:42:33","guid":{"rendered":"http:\/\/skiclub-nussdorf.at.w01d0b2d.kasserver.com\/?page_id=295"},"modified":"2025-12-17T13:51:36","modified_gmt":"2025-12-17T12:51:36","slug":"verein","status":"publish","type":"page","link":"https:\/\/skiclub-nussdorf.at\/?page_id=295","title":{"rendered":"Verein"},"content":{"rendered":"\t\t<div data-elementor-type=\"wp-page\" data-elementor-id=\"295\" class=\"elementor elementor-295\" data-elementor-post-type=\"page\">\n\t\t\t\t<div class=\"elementor-element elementor-element-63d51d7 e-con-full e-grid e-con e-parent\" data-id=\"63d51d7\" data-element_type=\"container\" data-settings=\"{&quot;background_background&quot;:&quot;classic&quot;}\">\n\t\t\t\t<div class=\"elementor-element elementor-element-b1c56b0 elementor-widget elementor-widget-heading\" data-id=\"b1c56b0\" data-element_type=\"widget\" data-widget_type=\"heading.default\">\n\t\t\t\t<div class=\"elementor-widget-container\">\n\t\t\t\t\t<h1 class=\"elementor-heading-title elementor-size-default\">Der Vorstand des Skiclubs Nu\u00dfdorf am Haunsberg<\/h1>\t\t\t\t<\/div>\n\t\t\t\t<\/div>\n\t\t\t\t<\/div>\n\t\t<div class=\"elementor-element elementor-element-7b2b86c1 e-flex e-con-boxed e-con e-parent\" data-id=\"7b2b86c1\" data-element_type=\"container\">\n\t\t\t\t\t<div class=\"e-con-inner\">\n\t\t<div class=\"elementor-element elementor-element-7035264 e-grid animated-slow e-con-boxed elementor-invisible e-con e-child\" data-id=\"7035264\" data-element_type=\"container\" data-settings=\"{&quot;animation&quot;:&quot;fadeInDown&quot;}\">\n\t\t\t\t\t<div class=\"e-con-inner\">\n\t\t\t\t<div class=\"elementor-element elementor-element-921535d elementor-widget elementor-widget-image\" data-id=\"921535d\" data-element_type=\"widget\" data-widget_type=\"image.default\">\n\t\t\t\t<div class=\"elementor-widget-container\">\n\t\t\t\t\t\t\t\t\t\t\t\t<figure class=\"wp-caption\">\n\t\t\t\t\t\t\t\t\t\t<img fetchpriority=\"high\" decoding=\"async\" width=\"768\" height=\"1024\" src=\"https:\/\/skiclub-nussdorf.at\/wp-content\/uploads\/2024\/04\/flo-siegerhrung-768x1024.jpg\" class=\"attachment-large size-large wp-image-618\" alt=\"\" srcset=\"https:\/\/skiclub-nussdorf.at\/wp-content\/uploads\/2024\/04\/flo-siegerhrung-768x1024.jpg 768w, https:\/\/skiclub-nussdorf.at\/wp-content\/uploads\/2024\/04\/flo-siegerhrung-225x300.jpg 225w, https:\/\/skiclub-nussdorf.at\/wp-content\/uploads\/2024\/04\/flo-siegerhrung.jpg 1099w\" sizes=\"(max-width: 768px) 100vw, 768px\" \/>\t\t\t\t\t\t\t\t\t\t\t<figcaption class=\"widget-image-caption wp-caption-text\">Obmann: Florian Rausch<\/figcaption>\n\t\t\t\t\t\t\t\t\t\t<\/figure>\n\t\t\t\t\t\t\t\t\t<\/div>\n\t\t\t\t<\/div>\n\t\t\t\t<div class=\"elementor-element elementor-element-6d1ed9e elementor-widget elementor-widget-text-editor\" data-id=\"6d1ed9e\" data-element_type=\"widget\" data-widget_type=\"text-editor.default\">\n\t\t\t\t<div class=\"elementor-widget-container\">\n\t\t\t\t\t\t\t\t\t<p>Obmann: Florian Rausch<br \/>Email: frausch@gmx.at<br \/>Phone: 066475068026<br \/>Kemating 34<br \/>5114 G\u00f6ming<\/p>\t\t\t\t\t\t\t\t<\/div>\n\t\t\t\t<\/div>\n\t\t\t\t<div class=\"elementor-element elementor-element-9217833 elementor-widget elementor-widget-image\" data-id=\"9217833\" data-element_type=\"widget\" data-widget_type=\"image.default\">\n\t\t\t\t<div class=\"elementor-widget-container\">\n\t\t\t\t\t\t\t\t\t\t\t\t<figure class=\"wp-caption\">\n\t\t\t\t\t\t\t\t\t\t<img decoding=\"async\" width=\"505\" height=\"626\" src=\"https:\/\/skiclub-nussdorf.at\/wp-content\/uploads\/2024\/07\/verein_Roman_Grilleneder-e1721216745384.jpg\" class=\"attachment-large size-large wp-image-952\" alt=\"Vereinsvize Roman Grilleneder\" srcset=\"https:\/\/skiclub-nussdorf.at\/wp-content\/uploads\/2024\/07\/verein_Roman_Grilleneder-e1721216745384.jpg 505w, https:\/\/skiclub-nussdorf.at\/wp-content\/uploads\/2024\/07\/verein_Roman_Grilleneder-e1721216745384-242x300.jpg 242w\" sizes=\"(max-width: 505px) 100vw, 505px\" \/>\t\t\t\t\t\t\t\t\t\t\t<figcaption class=\"widget-image-caption wp-caption-text\">Obmann Stv: Roman Grilleneder<\/figcaption>\n\t\t\t\t\t\t\t\t\t\t<\/figure>\n\t\t\t\t\t\t\t\t\t<\/div>\n\t\t\t\t<\/div>\n\t\t\t\t<div class=\"elementor-element elementor-element-185d320 elementor-widget elementor-widget-image\" data-id=\"185d320\" data-element_type=\"widget\" data-widget_type=\"image.default\">\n\t\t\t\t<div class=\"elementor-widget-container\">\n\t\t\t\t\t\t\t\t\t\t\t\t<figure class=\"wp-caption\">\n\t\t\t\t\t\t\t\t\t\t<img decoding=\"async\" width=\"512\" height=\"512\" src=\"https:\/\/skiclub-nussdorf.at\/wp-content\/uploads\/2019\/12\/cropped-SkiclubLauftreff_Nussdorf_Logo_040123_Pos_sRGB-1.png\" class=\"attachment-large size-large wp-image-524\" alt=\"Schriftf\u00fchrerin: Lena G\u00fcttersberger\" srcset=\"https:\/\/skiclub-nussdorf.at\/wp-content\/uploads\/2019\/12\/cropped-SkiclubLauftreff_Nussdorf_Logo_040123_Pos_sRGB-1.png 512w, https:\/\/skiclub-nussdorf.at\/wp-content\/uploads\/2019\/12\/cropped-SkiclubLauftreff_Nussdorf_Logo_040123_Pos_sRGB-1-300x300.png 300w, https:\/\/skiclub-nussdorf.at\/wp-content\/uploads\/2019\/12\/cropped-SkiclubLauftreff_Nussdorf_Logo_040123_Pos_sRGB-1-150x150.png 150w, https:\/\/skiclub-nussdorf.at\/wp-content\/uploads\/2019\/12\/cropped-SkiclubLauftreff_Nussdorf_Logo_040123_Pos_sRGB-1-100x100.png 100w, https:\/\/skiclub-nussdorf.at\/wp-content\/uploads\/2019\/12\/cropped-SkiclubLauftreff_Nussdorf_Logo_040123_Pos_sRGB-1-270x270.png 270w, https:\/\/skiclub-nussdorf.at\/wp-content\/uploads\/2019\/12\/cropped-SkiclubLauftreff_Nussdorf_Logo_040123_Pos_sRGB-1-192x192.png 192w, https:\/\/skiclub-nussdorf.at\/wp-content\/uploads\/2019\/12\/cropped-SkiclubLauftreff_Nussdorf_Logo_040123_Pos_sRGB-1-180x180.png 180w, https:\/\/skiclub-nussdorf.at\/wp-content\/uploads\/2019\/12\/cropped-SkiclubLauftreff_Nussdorf_Logo_040123_Pos_sRGB-1-32x32.png 32w\" sizes=\"(max-width: 512px) 100vw, 512px\" \/>\t\t\t\t\t\t\t\t\t\t\t<figcaption class=\"widget-image-caption wp-caption-text\">Kassier: Herbert Strasser<\/figcaption>\n\t\t\t\t\t\t\t\t\t\t<\/figure>\n\t\t\t\t\t\t\t\t\t<\/div>\n\t\t\t\t<\/div>\n\t\t\t\t<div class=\"elementor-element elementor-element-2a8a1c2 elementor-widget elementor-widget-image\" data-id=\"2a8a1c2\" data-element_type=\"widget\" data-widget_type=\"image.default\">\n\t\t\t\t<div class=\"elementor-widget-container\">\n\t\t\t\t\t\t\t\t\t\t\t\t<figure class=\"wp-caption\">\n\t\t\t\t\t\t\t\t\t\t<img decoding=\"async\" width=\"512\" height=\"512\" src=\"https:\/\/skiclub-nussdorf.at\/wp-content\/uploads\/2019\/12\/cropped-SkiclubLauftreff_Nussdorf_Logo_040123_Pos_sRGB-1.png\" class=\"attachment-large size-large wp-image-524\" alt=\"Schriftf\u00fchrerin: Lena G\u00fcttersberger\" srcset=\"https:\/\/skiclub-nussdorf.at\/wp-content\/uploads\/2019\/12\/cropped-SkiclubLauftreff_Nussdorf_Logo_040123_Pos_sRGB-1.png 512w, https:\/\/skiclub-nussdorf.at\/wp-content\/uploads\/2019\/12\/cropped-SkiclubLauftreff_Nussdorf_Logo_040123_Pos_sRGB-1-300x300.png 300w, https:\/\/skiclub-nussdorf.at\/wp-content\/uploads\/2019\/12\/cropped-SkiclubLauftreff_Nussdorf_Logo_040123_Pos_sRGB-1-150x150.png 150w, https:\/\/skiclub-nussdorf.at\/wp-content\/uploads\/2019\/12\/cropped-SkiclubLauftreff_Nussdorf_Logo_040123_Pos_sRGB-1-100x100.png 100w, https:\/\/skiclub-nussdorf.at\/wp-content\/uploads\/2019\/12\/cropped-SkiclubLauftreff_Nussdorf_Logo_040123_Pos_sRGB-1-270x270.png 270w, https:\/\/skiclub-nussdorf.at\/wp-content\/uploads\/2019\/12\/cropped-SkiclubLauftreff_Nussdorf_Logo_040123_Pos_sRGB-1-192x192.png 192w, https:\/\/skiclub-nussdorf.at\/wp-content\/uploads\/2019\/12\/cropped-SkiclubLauftreff_Nussdorf_Logo_040123_Pos_sRGB-1-180x180.png 180w, https:\/\/skiclub-nussdorf.at\/wp-content\/uploads\/2019\/12\/cropped-SkiclubLauftreff_Nussdorf_Logo_040123_Pos_sRGB-1-32x32.png 32w\" sizes=\"(max-width: 512px) 100vw, 512px\" \/>\t\t\t\t\t\t\t\t\t\t\t<figcaption class=\"widget-image-caption wp-caption-text\">Kassier Stellvertreterin: Nina Wiland<\/figcaption>\n\t\t\t\t\t\t\t\t\t\t<\/figure>\n\t\t\t\t\t\t\t\t\t<\/div>\n\t\t\t\t<\/div>\n\t\t\t\t<div class=\"elementor-element elementor-element-e6217fa elementor-widget elementor-widget-image\" data-id=\"e6217fa\" data-element_type=\"widget\" data-widget_type=\"image.default\">\n\t\t\t\t<div class=\"elementor-widget-container\">\n\t\t\t\t\t\t\t\t\t\t\t\t<figure class=\"wp-caption\">\n\t\t\t\t\t\t\t\t\t\t<img decoding=\"async\" width=\"512\" height=\"512\" src=\"https:\/\/skiclub-nussdorf.at\/wp-content\/uploads\/2019\/12\/cropped-SkiclubLauftreff_Nussdorf_Logo_040123_Pos_sRGB-1.png\" class=\"attachment-large size-large wp-image-524\" alt=\"Schriftf\u00fchrerin: Lena G\u00fcttersberger\" srcset=\"https:\/\/skiclub-nussdorf.at\/wp-content\/uploads\/2019\/12\/cropped-SkiclubLauftreff_Nussdorf_Logo_040123_Pos_sRGB-1.png 512w, https:\/\/skiclub-nussdorf.at\/wp-content\/uploads\/2019\/12\/cropped-SkiclubLauftreff_Nussdorf_Logo_040123_Pos_sRGB-1-300x300.png 300w, https:\/\/skiclub-nussdorf.at\/wp-content\/uploads\/2019\/12\/cropped-SkiclubLauftreff_Nussdorf_Logo_040123_Pos_sRGB-1-150x150.png 150w, https:\/\/skiclub-nussdorf.at\/wp-content\/uploads\/2019\/12\/cropped-SkiclubLauftreff_Nussdorf_Logo_040123_Pos_sRGB-1-100x100.png 100w, https:\/\/skiclub-nussdorf.at\/wp-content\/uploads\/2019\/12\/cropped-SkiclubLauftreff_Nussdorf_Logo_040123_Pos_sRGB-1-270x270.png 270w, https:\/\/skiclub-nussdorf.at\/wp-content\/uploads\/2019\/12\/cropped-SkiclubLauftreff_Nussdorf_Logo_040123_Pos_sRGB-1-192x192.png 192w, https:\/\/skiclub-nussdorf.at\/wp-content\/uploads\/2019\/12\/cropped-SkiclubLauftreff_Nussdorf_Logo_040123_Pos_sRGB-1-180x180.png 180w, https:\/\/skiclub-nussdorf.at\/wp-content\/uploads\/2019\/12\/cropped-SkiclubLauftreff_Nussdorf_Logo_040123_Pos_sRGB-1-32x32.png 32w\" sizes=\"(max-width: 512px) 100vw, 512px\" \/>\t\t\t\t\t\t\t\t\t\t\t<figcaption class=\"widget-image-caption wp-caption-text\">Schrift\u00fchrerin: Magdalena G\u00fcttersberger<\/figcaption>\n\t\t\t\t\t\t\t\t\t\t<\/figure>\n\t\t\t\t\t\t\t\t\t<\/div>\n\t\t\t\t<\/div>\n\t\t\t\t<div class=\"elementor-element elementor-element-c60eb42 elementor-widget elementor-widget-image\" data-id=\"c60eb42\" data-element_type=\"widget\" data-widget_type=\"image.default\">\n\t\t\t\t<div class=\"elementor-widget-container\">\n\t\t\t\t\t\t\t\t\t\t\t\t<figure class=\"wp-caption\">\n\t\t\t\t\t\t\t\t\t\t<img loading=\"lazy\" decoding=\"async\" width=\"768\" height=\"1024\" src=\"https:\/\/skiclub-nussdorf.at\/wp-content\/uploads\/2024\/04\/carina-768x1024.jpg\" class=\"attachment-large size-large wp-image-621\" alt=\"\" srcset=\"https:\/\/skiclub-nussdorf.at\/wp-content\/uploads\/2024\/04\/carina-768x1024.jpg 768w, https:\/\/skiclub-nussdorf.at\/wp-content\/uploads\/2024\/04\/carina-225x300.jpg 225w, https:\/\/skiclub-nussdorf.at\/wp-content\/uploads\/2024\/04\/carina.jpg 771w\" sizes=\"(max-width: 768px) 100vw, 768px\" \/>\t\t\t\t\t\t\t\t\t\t\t<figcaption class=\"widget-image-caption wp-caption-text\">Schriftf\u00fchrerin Stellv. Carina Strasser<\/figcaption>\n\t\t\t\t\t\t\t\t\t\t<\/figure>\n\t\t\t\t\t\t\t\t\t<\/div>\n\t\t\t\t<\/div>\n\t\t\t\t\t<\/div>\n\t\t\t\t<\/div>\n\t\t\t\t\t<\/div>\n\t\t\t\t<\/div>\n\t\t<div class=\"elementor-element elementor-element-fa68092 e-flex e-con-boxed e-con e-parent\" data-id=\"fa68092\" data-element_type=\"container\">\n\t\t\t\t\t<div class=\"e-con-inner\">\n\t\t\t\t<div class=\"elementor-element elementor-element-2ff6916 elementor-widget elementor-widget-heading\" data-id=\"2ff6916\" data-element_type=\"widget\" data-widget_type=\"heading.default\">\n\t\t\t\t<div class=\"elementor-widget-container\">\n\t\t\t\t\t<h2 class=\"elementor-heading-title elementor-size-default\">Skiclub Vorstand<\/h2>\t\t\t\t<\/div>\n\t\t\t\t<\/div>\n\t\t\t\t\t<\/div>\n\t\t\t\t<\/div>\n\t\t<div class=\"elementor-element elementor-element-01fe18b e-flex e-con-boxed e-con e-parent\" data-id=\"01fe18b\" data-element_type=\"container\">\n\t\t\t\t\t<div class=\"e-con-inner\">\n\t\t\t\t<div class=\"elementor-element elementor-element-d7168bd elementor-widget elementor-widget-text-editor\" data-id=\"d7168bd\" data-element_type=\"widget\" data-widget_type=\"text-editor.default\">\n\t\t\t\t<div class=\"elementor-widget-container\">\n\t\t\t\t\t\t\t\t\t<div class=\"page-header\"><h2><span style=\"color: #333333; font-size: 1rem;\">Der Skiclub-Nu\u00dfdorf wurde <\/span><strong style=\"color: #333333; font-size: 1rem;\">1965<\/strong><span style=\"color: #333333; font-size: 1rem;\">\u00a0gegr\u00fcndet und hat zur Zeit \u00fcber\u00a0<\/span><strong style=\"color: #333333; font-size: 1rem;\">400<\/strong><span style=\"color: #333333; font-size: 1rem;\">\u00a0Mitglieder!<\/span><\/h2><\/div><div><p>Wir sind bem\u00fcht, unseren Mitgliedern ein breites Programm an Trainingsm\u00f6glichkeiten, Skiausfl\u00fcgen und diversen Fortbildungskursen zu bieten.\u00a0<\/p><div class=\"csc-header csc-header-n3\"><h4>Aktivit\u00e4ten des Skiclubs:<\/h4><\/div><div id=\"c29\" class=\"csc-default\"><ul><li>j\u00e4hrliche Skiausfl\u00fcge<\/li><li>offene CLUBMEISTERSCHAFT<\/li><li>SKIGYMNASTIK: Kinder, Sch\u00fcler, Erwachsene<\/li><li>Oichtental Nu\u00dfdorf (seit 2010)<\/li><li>Haunsberglauf (inoffiziell)<\/li><\/ul><div>Der Skiclub Nu\u00dfdorf hat eine eigene Sektion Laufsport! www.lauftreffnussdorf.at<\/div><\/div><\/div>\t\t\t\t\t\t\t\t<\/div>\n\t\t\t\t<\/div>\n\t\t\t\t\t<\/div>\n\t\t\t\t<\/div>\n\t\t\t\t<\/div>\n\t\t","protected":false},"excerpt":{"rendered":"<p>Der Vorstand des Skiclubs Nu\u00dfdorf am Haunsberg Obmann: Florian Rausch Obmann: Florian RauschEmail: frausch@gmx.atPhone: 066475068026Kemating 345114 G\u00f6ming Obmann Stv: Roman Grilleneder Kassier: Herbert Strasser Kassier Stellvertreterin: Nina Wiland Schrift\u00fchrerin: Magdalena G\u00fcttersberger Schriftf\u00fchrerin Stellv. Carina Strasser Skiclub Vorstand Der Skiclub-Nu\u00dfdorf wurde 1965\u00a0gegr\u00fcndet und hat zur Zeit \u00fcber\u00a0400\u00a0Mitglieder! Wir sind bem\u00fcht, unseren Mitgliedern ein breites Programm an [&hellip;]<\/p>\n","protected":false},"author":1,"featured_media":0,"parent":0,"menu_order":0,"comment_status":"closed","ping_status":"closed","template":"elementor_header_footer","meta":{"footnotes":""},"class_list":["post-295","page","type-page","status-publish","hentry"],"_links":{"self":[{"href":"https:\/\/skiclub-nussdorf.at\/index.php?rest_route=\/wp\/v2\/pages\/295","targetHints":{"allow":["GET"]}}],"collection":[{"href":"https:\/\/skiclub-nussdorf.at\/index.php?rest_route=\/wp\/v2\/pages"}],"about":[{"href":"https:\/\/skiclub-nussdorf.at\/index.php?rest_route=\/wp\/v2\/types\/page"}],"author":[{"embeddable":true,"href":"https:\/\/skiclub-nussdorf.at\/index.php?rest_route=\/wp\/v2\/users\/1"}],"replies":[{"embeddable":true,"href":"https:\/\/skiclub-nussdorf.at\/index.php?rest_route=%2Fwp%2Fv2%2Fcomments&post=295"}],"version-history":[{"count":10,"href":"https:\/\/skiclub-nussdorf.at\/index.php?rest_route=\/wp\/v2\/pages\/295\/revisions"}],"predecessor-version":[{"id":1592,"href":"https:\/\/skiclub-nussdorf.at\/index.php?rest_route=\/wp\/v2\/pages\/295\/revisions\/1592"}],"wp:attachment":[{"href":"https:\/\/skiclub-nussdorf.at\/index.php?rest_route=%2Fwp%2Fv2%2Fmedia&parent=295"}],"curies":[{"name":"wp","href":"https:\/\/api.w.org\/{rel}","templated":true}]}}